{"id":87,"date":"2023-09-21T20:08:47","date_gmt":"2023-09-21T18:08:47","guid":{"rendered":"https:\/\/ficmafest.org\/?page_id=87"},"modified":"2025-10-08T01:33:57","modified_gmt":"2025-10-07T23:33:57","slug":"di","status":"publish","type":"page","link":"https:\/\/ficmafest.org\/index.php\/di\/","title":{"rendered":"Directorio"},"content":{"rendered":"\t\t<div data-elementor-type=\"wp-page\" data-elementor-id=\"87\" class=\"elementor elementor-87\">\n\t\t\t\t\t\t<section class=\"elementor-section elementor-top-section elementor-element elementor-element-8806af8 elementor-section-boxed elementor-section-height-default elementor-section-height-default\" data-id=\"8806af8\" data-element_type=\"section\">\n\t\t\t\t\t\t<div class=\"elementor-container elementor-column-gap-default\">\n\t\t\t\t\t<div class=\"elementor-column elementor-col-100 elementor-top-column elementor-element elementor-element-3b8048b\" data-id=\"3b8048b\" data-element_type=\"column\">\n\t\t\t<div class=\"elementor-widget-wrap elementor-element-populated\">\n\t\t\t\t\t\t<div class=\"elementor-element elementor-element-d34a788 elementor-widget elementor-widget-spacer\" data-id=\"d34a788\" data-element_type=\"widget\" data-widget_type=\"spacer.default\">\n\t\t\t\t<div class=\"elementor-widget-container\">\n\t\t\t\t\t\t\t<div class=\"elementor-spacer\">\n\t\t\t<div class=\"elementor-spacer-inner\"><\/div>\n\t\t<\/div>\n\t\t\t\t\t\t<\/div>\n\t\t\t\t<\/div>\n\t\t\t\t\t<\/div>\n\t\t<\/div>\n\t\t\t\t\t<\/div>\n\t\t<\/section>\n\t\t\t\t<section class=\"elementor-section elementor-top-section elementor-element elementor-element-9aa3df7 elementor-section-full_width elementor-section-stretched elementor-section-height-min-height elementor-section-height-default elementor-section-items-middle\" data-id=\"9aa3df7\" data-element_type=\"section\" data-settings=\"{&quot;stretch_section&quot;:&quot;section-stretched&quot;,&quot;background_background&quot;:&quot;classic&quot;}\">\n\t\t\t\t\t\t\t<div class=\"elementor-background-overlay\"><\/div>\n\t\t\t\t\t\t\t<div class=\"elementor-container elementor-column-gap-default\">\n\t\t\t\t\t<div class=\"elementor-column elementor-col-100 elementor-top-column elementor-element elementor-element-ad9754b\" data-id=\"ad9754b\" data-element_type=\"column\" data-settings=\"{&quot;background_background&quot;:&quot;classic&quot;}\">\n\t\t\t<div class=\"elementor-widget-wrap elementor-element-populated\">\n\t\t\t\t\t<div class=\"elementor-background-overlay\"><\/div>\n\t\t\t\t\t\t<div class=\"elementor-element elementor-element-ac93680 elementor-widget elementor-widget-text-editor\" data-id=\"ac93680\" data-element_type=\"widget\" data-widget_type=\"text-editor.default\">\n\t\t\t\t<div class=\"elementor-widget-container\">\n\t\t\t\t\t\t\t\t\t<h1>Directorio General FICMA<\/h1>\t\t\t\t\t\t\t\t<\/div>\n\t\t\t\t<\/div>\n\t\t\t\t<div class=\"elementor-element elementor-element-1c22786 elementor-widget elementor-widget-text-editor\" data-id=\"1c22786\" data-element_type=\"widget\" data-widget_type=\"text-editor.default\">\n\t\t\t\t<div class=\"elementor-widget-container\">\n\t\t\t\t\t\t\t\t\t<p><span style=\"font-weight: 400;\"><strong>Miguel Angel Ram\u00edrez<\/strong><br \/><\/span>Director General<\/p><p><strong>Misael Morales<\/strong><br \/>Productor General<\/p><p><span style=\"font-weight: 400;\"><strong>Heidy Isabel Romero<\/strong><br \/>Coordinadora General<\/span><\/p><p><strong>Rafael D\u00edaz Barriga<\/strong><br \/>Coordinador Adjunto<\/p><p><strong>Rolando P\u00e9rez<\/strong><br \/>Coordinaci\u00f3n de programaci\u00f3n<\/p><p><strong>Alan Huerta<\/strong><br \/>Patrocinios<\/p><p><strong>Susana Ibarrola<\/strong><br \/>Jefa de Difusi\u00f3n y Prensa<\/p><p><strong>Sharon Ord\u00f3\u00f1ez<\/strong><br \/>Coordinaci\u00f3n de voluntarios<\/p><p><strong>Erik Ram\u00edrez<\/strong><br \/>Dise\u00f1o de imagen<\/p><p><strong>Wolffox Agency<\/strong><br \/>Comunicaci\u00f3n Digital y Redes Sociales<\/p>\t\t\t\t\t\t\t\t<\/div>\n\t\t\t\t<\/div>\n\t\t\t\t\t<\/div>\n\t\t<\/div>\n\t\t\t\t\t<\/div>\n\t\t<\/section>\n\t\t\t\t<\/div>\n\t\t","protected":false},"excerpt":{"rendered":"<p>Directorio General FICMA Miguel Angel Ram\u00edrezDirector General Misael MoralesProductor General Heidy Isabel RomeroCoordinadora General Rafael D\u00edaz BarrigaCoordinador Adjunto Rolando P\u00e9rezCoordinaci\u00f3n de programaci\u00f3n Alan HuertaPatrocinios Susana IbarrolaJefa de Difusi\u00f3n y Prensa Sharon Ord\u00f3\u00f1ezCoordinaci\u00f3n de voluntarios Erik Ram\u00edrezDise\u00f1o de imagen Wolffox AgencyComunicaci\u00f3n Digital y Redes Sociales<\/p>\n","protected":false},"author":4,"featured_media":0,"parent":0,"menu_order":0,"comment_status":"closed","ping_status":"closed","template":"","meta":{"_acf_changed":false,"_monsterinsights_skip_tracking":false,"_monsterinsights_sitenote_active":false,"_monsterinsights_sitenote_note":"","_monsterinsights_sitenote_category":0,"_price":"","_stock":"","_tribe_ticket_header":"","_tribe_default_ticket_provider":"","_tribe_ticket_capacity":"0","_ticket_start_date":"","_ticket_end_date":"","_tribe_ticket_show_description":"","_tribe_ticket_show_not_going":false,"_tribe_ticket_use_global_stock":"","_tribe_ticket_global_stock_level":"","_global_stock_mode":"","_global_stock_cap":"","_tribe_rsvp_for_event":"","_tribe_ticket_going_count":"","_tribe_ticket_not_going_count":"","_tribe_tickets_list":"[]","_tribe_ticket_has_attendee_info_fields":false,"footnotes":"","_tec_slr_enabled":"","_tec_slr_layout":""},"class_list":["post-87","page","type-page","status-publish","hentry"],"acf":[],"aioseo_notices":[],"ticketed":false,"_links":{"self":[{"href":"https:\/\/ficmafest.org\/index.php\/wp-json\/wp\/v2\/pages\/87","targetHints":{"allow":["GET"]}}],"collection":[{"href":"https:\/\/ficmafest.org\/index.php\/wp-json\/wp\/v2\/pages"}],"about":[{"href":"https:\/\/ficmafest.org\/index.php\/wp-json\/wp\/v2\/types\/page"}],"author":[{"embeddable":true,"href":"https:\/\/ficmafest.org\/index.php\/wp-json\/wp\/v2\/users\/4"}],"replies":[{"embeddable":true,"href":"https:\/\/ficmafest.org\/index.php\/wp-json\/wp\/v2\/comments?post=87"}],"version-history":[{"count":58,"href":"https:\/\/ficmafest.org\/index.php\/wp-json\/wp\/v2\/pages\/87\/revisions"}],"predecessor-version":[{"id":2313,"href":"https:\/\/ficmafest.org\/index.php\/wp-json\/wp\/v2\/pages\/87\/revisions\/2313"}],"wp:attachment":[{"href":"https:\/\/ficmafest.org\/index.php\/wp-json\/wp\/v2\/media?parent=87"}],"curies":[{"name":"wp","href":"https:\/\/api.w.org\/{rel}","templated":true}]}}