{"id":18,"date":"2023-09-02T00:09:18","date_gmt":"2023-09-01T22:09:18","guid":{"rendered":"https:\/\/ficmafest.org\/?page_id=18"},"modified":"2026-03-26T20:42:14","modified_gmt":"2026-03-26T19:42:14","slug":"inicio","status":"publish","type":"page","link":"https:\/\/ficmafest.org\/","title":{"rendered":"Inicio"},"content":{"rendered":"\t\t<div data-elementor-type=\"wp-page\" data-elementor-id=\"18\" class=\"elementor elementor-18\">\n\t\t\t\t\t\t<section class=\"elementor-section elementor-top-section elementor-element elementor-element-79a2ff2 elementor-section-full_width elementor-section-content-middle elementor-section-stretched elementor-section-height-default elementor-section-height-default\" data-id=\"79a2ff2\" data-element_type=\"section\" data-settings=\"{&quot;stretch_section&quot;:&quot;section-stretched&quot;,&quot;background_background&quot;:&quot;classic&quot;}\">\n\t\t\t\t\t\t<div class=\"elementor-container elementor-column-gap-default\">\n\t\t\t\t\t<div class=\"elementor-column elementor-col-100 elementor-top-column elementor-element elementor-element-b914173\" data-id=\"b914173\" data-element_type=\"column\">\n\t\t\t<div class=\"elementor-widget-wrap elementor-element-populated\">\n\t\t\t\t\t\t<div class=\"elementor-element elementor-element-15c5389 elementor-widget__width-inherit elementor-widget elementor-widget-spacer\" data-id=\"15c5389\" data-element_type=\"widget\" data-widget_type=\"spacer.default\">\n\t\t\t\t<div class=\"elementor-widget-container\">\n\t\t\t\t\t\t\t<div class=\"elementor-spacer\">\n\t\t\t<div class=\"elementor-spacer-inner\"><\/div>\n\t\t<\/div>\n\t\t\t\t\t\t<\/div>\n\t\t\t\t<\/div>\n\t\t\t\t<div class=\"elementor-element elementor-element-35117fd elementor-widget__width-inherit elementor-widget elementor-widget-image\" data-id=\"35117fd\" data-element_type=\"widget\" data-widget_type=\"image.default\">\n\t\t\t\t<div class=\"elementor-widget-container\">\n\t\t\t\t\t\t\t\t\t\t\t\t\t\t\t<img fetchpriority=\"high\" decoding=\"async\" width=\"1920\" height=\"1080\" src=\"https:\/\/ficmafest.org\/wp-content\/uploads\/2026\/03\/WEB-Caratula-FICMA-2026-1920-x-1080-px.png\" class=\"attachment-full size-full wp-image-17940\" alt=\"\" srcset=\"https:\/\/ficmafest.org\/wp-content\/uploads\/2026\/03\/WEB-Caratula-FICMA-2026-1920-x-1080-px.png 1920w, https:\/\/ficmafest.org\/wp-content\/uploads\/2026\/03\/WEB-Caratula-FICMA-2026-1920-x-1080-px-300x169.png 300w, https:\/\/ficmafest.org\/wp-content\/uploads\/2026\/03\/WEB-Caratula-FICMA-2026-1920-x-1080-px-1024x576.png 1024w, https:\/\/ficmafest.org\/wp-content\/uploads\/2026\/03\/WEB-Caratula-FICMA-2026-1920-x-1080-px-768x432.png 768w, https:\/\/ficmafest.org\/wp-content\/uploads\/2026\/03\/WEB-Caratula-FICMA-2026-1920-x-1080-px-1536x864.png 1536w\" sizes=\"100vw\" \/>\t\t\t\t\t\t\t\t\t\t\t\t\t\t\t<\/div>\n\t\t\t\t<\/div>\n\t\t\t\t\t<\/div>\n\t\t<\/div>\n\t\t\t\t\t<\/div>\n\t\t<\/section>\n\t\t\t\t<section class=\"elementor-section elementor-top-section elementor-element elementor-element-1e891be elementor-section-boxed elementor-section-height-default elementor-section-height-default\" data-id=\"1e891be\" data-element_type=\"section\">\n\t\t\t\t\t\t<div class=\"elementor-container elementor-column-gap-default\">\n\t\t\t\t\t<div class=\"elementor-column elementor-col-100 elementor-top-column elementor-element elementor-element-2c31dbe\" data-id=\"2c31dbe\" data-element_type=\"column\">\n\t\t\t<div class=\"elementor-widget-wrap elementor-element-populated\">\n\t\t\t\t\t\t<div class=\"elementor-element elementor-element-05da063 elementor-widget elementor-widget-text-editor\" data-id=\"05da063\" data-element_type=\"widget\" data-widget_type=\"text-editor.default\">\n\t\t\t\t<div class=\"elementor-widget-container\">\n\t\t\t\t\t\t\t\t\t<p data-pm-slice=\"1 1 [&quot;list&quot;,{&quot;spread&quot;:false,&quot;start&quot;:533,&quot;end&quot;:947},&quot;regular_list_item&quot;,{&quot;start&quot;:533,&quot;end&quot;:839}]\"><span style=\"color: #ffffff; font-family: Roboto, sans-serif; font-weight: 400; background-color: #1a1a1a; font-size: 1em;\">Es un evento pionero en M\u00e9xico que combina cine, tecnolog\u00eda y creatividad. Nuestro objetivo es impulsar nuevos talentos y promover tecnolog\u00edas emergentes como inteligencia artificial, realidad virtual y web 3.0 en el sector audiovisual, transformar la industria audiovisual conectando talentos, tecnolog\u00eda e innovaci\u00f3n.<\/span><\/p>\t\t\t\t\t\t\t\t<\/div>\n\t\t\t\t<\/div>\n\t\t\t\t\t<\/div>\n\t\t<\/div>\n\t\t\t\t\t<\/div>\n\t\t<\/section>\n\t\t\t\t<section class=\"elementor-section elementor-top-section elementor-element elementor-element-afc8705 elementor-hidden-desktop elementor-hidden-tablet elementor-hidden-mobile elementor-section-boxed elementor-section-height-default elementor-section-height-default\" data-id=\"afc8705\" data-element_type=\"section\">\n\t\t\t\t\t\t<div class=\"elementor-container elementor-column-gap-default\">\n\t\t\t\t\t<div class=\"elementor-column elementor-col-100 elementor-top-column elementor-element elementor-element-316ad23\" data-id=\"316ad23\" data-element_type=\"column\">\n\t\t\t<div class=\"elementor-widget-wrap elementor-element-populated\">\n\t\t\t\t\t\t<div class=\"elementor-element elementor-element-8b13d41 elementor-widget elementor-widget-text-editor\" data-id=\"8b13d41\" data-element_type=\"widget\" data-widget_type=\"text-editor.default\">\n\t\t\t\t<div class=\"elementor-widget-container\">\n\t\t\t\t\t\t\t\t\t<h2><strong>\u00bfPor qu\u00e9 asistir?<\/strong><\/h2>\t\t\t\t\t\t\t\t<\/div>\n\t\t\t\t<\/div>\n\t\t\t\t\t<\/div>\n\t\t<\/div>\n\t\t\t\t\t<\/div>\n\t\t<\/section>\n\t\t\t\t<section class=\"elementor-section elementor-top-section elementor-element elementor-element-318d950 elementor-hidden-desktop elementor-hidden-tablet elementor-hidden-mobile elementor-section-boxed elementor-section-height-default elementor-section-height-default\" data-id=\"318d950\" data-element_type=\"section\">\n\t\t\t\t\t\t<div class=\"elementor-container elementor-column-gap-default\">\n\t\t\t\t\t<div class=\"elementor-column elementor-col-50 elementor-top-column elementor-element elementor-element-6ca9db1\" data-id=\"6ca9db1\" data-element_type=\"column\">\n\t\t\t<div class=\"elementor-widget-wrap elementor-element-populated\">\n\t\t\t\t\t\t<div class=\"elementor-element elementor-element-1e6ca09 elementor-widget-mobile__width-inherit elementor-widget elementor-widget-text-editor\" data-id=\"1e6ca09\" data-element_type=\"widget\" data-widget_type=\"text-editor.default\">\n\t\t\t\t<div class=\"elementor-widget-container\">\n\t\t\t\t\t\t\t\t\t<p><strong>Proyecciones:<\/strong> Disfruta de 100 pel\u00edculas seleccionadas cuidadosamente, incluyendo estrenos nacionales e internacionales en 10 d\u00edas.<\/p><p><strong>Networking:<\/strong> Conecta con profesionales destacados de la industria audiovisual y tecnol\u00f3gica.<\/p>\t\t\t\t\t\t\t\t<\/div>\n\t\t\t\t<\/div>\n\t\t\t\t<div class=\"elementor-element elementor-element-2f5798d elementor-widget elementor-widget-spacer\" data-id=\"2f5798d\" data-element_type=\"widget\" data-widget_type=\"spacer.default\">\n\t\t\t\t<div class=\"elementor-widget-container\">\n\t\t\t\t\t\t\t<div class=\"elementor-spacer\">\n\t\t\t<div class=\"elementor-spacer-inner\"><\/div>\n\t\t<\/div>\n\t\t\t\t\t\t<\/div>\n\t\t\t\t<\/div>\n\t\t\t\t\t<\/div>\n\t\t<\/div>\n\t\t\t\t<div class=\"elementor-column elementor-col-50 elementor-top-column elementor-element elementor-element-a58b4df\" data-id=\"a58b4df\" data-element_type=\"column\">\n\t\t\t<div class=\"elementor-widget-wrap elementor-element-populated\">\n\t\t\t\t\t\t<div class=\"elementor-element elementor-element-3f0964e elementor-widget-mobile__width-inherit elementor-widget elementor-widget-text-editor\" data-id=\"3f0964e\" data-element_type=\"widget\" data-widget_type=\"text-editor.default\">\n\t\t\t\t<div class=\"elementor-widget-container\">\n\t\t\t\t\t\t\t\t\t<p><strong style=\"font-size: 1em;\">Innovaci\u00f3n:<\/strong><span style=\"font-size: 1em;\"> Descubre y experimenta con nuevas tecnolog\u00edas en cine y medios alternativos.<\/span><\/p><p><strong>Creatividad:<\/strong> Participa en talleres, seminarios y actividades creativas exclusivas.<\/p>\t\t\t\t\t\t\t\t<\/div>\n\t\t\t\t<\/div>\n\t\t\t\t<div class=\"elementor-element elementor-element-67af9f0 elementor-widget elementor-widget-spacer\" data-id=\"67af9f0\" data-element_type=\"widget\" data-widget_type=\"spacer.default\">\n\t\t\t\t<div class=\"elementor-widget-container\">\n\t\t\t\t\t\t\t<div class=\"elementor-spacer\">\n\t\t\t<div class=\"elementor-spacer-inner\"><\/div>\n\t\t<\/div>\n\t\t\t\t\t\t<\/div>\n\t\t\t\t<\/div>\n\t\t\t\t\t<\/div>\n\t\t<\/div>\n\t\t\t\t\t<\/div>\n\t\t<\/section>\n\t\t\t\t<section class=\"elementor-section elementor-top-section elementor-element elementor-element-d170d01 elementor-section-boxed elementor-section-height-default elementor-section-height-default\" data-id=\"d170d01\" data-element_type=\"section\">\n\t\t\t\t\t\t<div class=\"elementor-container elementor-column-gap-default\">\n\t\t\t\t\t<div class=\"elementor-column elementor-col-100 elementor-top-column elementor-element elementor-element-f2f31e5\" data-id=\"f2f31e5\" data-element_type=\"column\">\n\t\t\t<div class=\"elementor-widget-wrap elementor-element-populated\">\n\t\t\t\t\t\t<div class=\"elementor-element elementor-element-4e411cd elementor-widget elementor-widget-video\" data-id=\"4e411cd\" data-element_type=\"widget\" data-settings=\"{&quot;youtube_url&quot;:&quot;https:\\\/\\\/youtu.be\\\/uzxcSRurLps?si=2VwuCtQfuQFXZwY2&quot;,&quot;autoplay&quot;:&quot;yes&quot;,&quot;play_on_mobile&quot;:&quot;yes&quot;,&quot;loop&quot;:&quot;yes&quot;,&quot;video_type&quot;:&quot;youtube&quot;,&quot;controls&quot;:&quot;yes&quot;}\" data-widget_type=\"video.default\">\n\t\t\t\t<div class=\"elementor-widget-container\">\n\t\t\t\t\t\t\t<div class=\"elementor-wrapper elementor-open-inline\">\n\t\t\t<div class=\"elementor-video\"><\/div>\t\t<\/div>\n\t\t\t\t\t\t<\/div>\n\t\t\t\t<\/div>\n\t\t\t\t\t<\/div>\n\t\t<\/div>\n\t\t\t\t\t<\/div>\n\t\t<\/section>\n\t\t\t\t<\/div>\n\t\t","protected":false},"excerpt":{"rendered":"<p>Es un evento pionero en M\u00e9xico que combina cine, tecnolog\u00eda y creatividad. Nuestro objetivo es impulsar nuevos talentos y promover tecnolog\u00edas emergentes como inteligencia artificial, realidad virtual y web 3.0 en el sector audiovisual, transformar la industria audiovisual conectando talentos, tecnolog\u00eda e innovaci\u00f3n. \u00bfPor qu\u00e9 asistir? Proyecciones: Disfruta de 100 pel\u00edculas seleccionadas cuidadosamente, incluyendo estrenos [&hellip;]<\/p>\n","protected":false},"author":4,"featured_media":0,"parent":0,"menu_order":0,"comment_status":"closed","ping_status":"closed","template":"","meta":{"_acf_changed":false,"_monsterinsights_skip_tracking":false,"_monsterinsights_sitenote_active":false,"_monsterinsights_sitenote_note":"","_monsterinsights_sitenote_category":0,"_price":"","_stock":"","_tribe_ticket_header":"","_tribe_default_ticket_provider":"","_tribe_ticket_capacity":"0","_ticket_start_date":"","_ticket_end_date":"","_tribe_ticket_show_description":"","_tribe_ticket_show_not_going":false,"_tribe_ticket_use_global_stock":"","_tribe_ticket_global_stock_level":"","_global_stock_mode":"","_global_stock_cap":"","_tribe_rsvp_for_event":"","_tribe_ticket_going_count":"","_tribe_ticket_not_going_count":"","_tribe_tickets_list":"[]","_tribe_ticket_has_attendee_info_fields":false,"footnotes":"","_tec_slr_enabled":"","_tec_slr_layout":""},"class_list":["post-18","page","type-page","status-publish","hentry"],"acf":[],"aioseo_notices":[],"ticketed":false,"_links":{"self":[{"href":"https:\/\/ficmafest.org\/index.php\/wp-json\/wp\/v2\/pages\/18","targetHints":{"allow":["GET"]}}],"collection":[{"href":"https:\/\/ficmafest.org\/index.php\/wp-json\/wp\/v2\/pages"}],"about":[{"href":"https:\/\/ficmafest.org\/index.php\/wp-json\/wp\/v2\/types\/page"}],"author":[{"embeddable":true,"href":"https:\/\/ficmafest.org\/index.php\/wp-json\/wp\/v2\/users\/4"}],"replies":[{"embeddable":true,"href":"https:\/\/ficmafest.org\/index.php\/wp-json\/wp\/v2\/comments?post=18"}],"version-history":[{"count":177,"href":"https:\/\/ficmafest.org\/index.php\/wp-json\/wp\/v2\/pages\/18\/revisions"}],"predecessor-version":[{"id":17947,"href":"https:\/\/ficmafest.org\/index.php\/wp-json\/wp\/v2\/pages\/18\/revisions\/17947"}],"wp:attachment":[{"href":"https:\/\/ficmafest.org\/index.php\/wp-json\/wp\/v2\/media?parent=18"}],"curies":[{"name":"wp","href":"https:\/\/api.w.org\/{rel}","templated":true}]}}